{"id":2519,"date":"2021-02-22T15:55:54","date_gmt":"2021-02-22T15:55:54","guid":{"rendered":"https:\/\/v2.literabruchsal.com\/?post_type=product&#038;p=2519"},"modified":"2024-06-28T19:12:09","modified_gmt":"2024-06-28T17:12:09","slug":"curs-de-pictura-si-bricolaj","status":"publish","type":"product","link":"https:\/\/literabruchsal.com\/de\/product\/curs-de-pictura-si-bricolaj\/","title":{"rendered":"Curs de pictur\u0103 \u0219i bricolaj"},"content":{"rendered":"","protected":false},"excerpt":{"rendered":"<p style=\"text-align: justify;\">C\u00e2nd ne g\u00e2ndim la pictur\u0103 ne g\u00e2ndim la marii arti\u0219ti ai trecutului \u0219i prezentului, la tablouri care se v\u00e2nd cu milioane de dolari, la picturi murale \u0219i mul\u021bi ani de exerci\u021biu pentru a dob\u00e2ndi abilit\u0103\u021bile \u0219i cuno\u0219tin\u021bele necesare pentru a st\u0103p\u00e2ni aceast\u0103 form\u0103 de art\u0103\u2026 sau nu?<\/p>\n<p style=\"text-align: justify;\">Dorim s\u0103 cre\u0219tem interesul copiilor pentru acuarele \u0219i s\u0103 le dezvolt\u0103m sim\u021bul artistic prin folosirea culorilor: ca atare sau \u00een combina\u021bii. Cine spune c\u0103 trebuie s\u0103 folosim o pensul\u0103? Ce-a\u021bi zice de o periu\u021b\u0103 de din\u021bi, ni\u0219te vat\u0103 sau chiar propriile degetele?<br \/>\nDiferite tipuri de acuarele vor permite crearea unei game largi de efecte artistice. Micu\u021bi vor invata cum le pot folosi creativ, ce efecte pot ob\u021bine cu diferite cantit\u0103\u021bi de culoare \u0219i ap\u0103, precum \u0219i importan\u021ba de a las\u0103 lucr\u0103rile s\u0103 se usuce (altfel, am muncit degeaba!).<br \/>\nLe vom pune la \u00eencercare aten\u021bia, r\u0103bdarea, dexteritatea \u0219i, desigur, creativitatea. Nici spiritul de echip\u0103 nu va lipsi, micu\u021bii arti\u0219ti \u00eemp\u0103r\u021bind nu doar spa\u021biul, ci \u0219i materiale de lucru. Vor fi \u00eencuraja\u021bi s\u0103 \u00ee\u0219i a\u0219tepte r\u00e2ndul, s\u0103-\u0219i prezinte compozi\u021biile \u0219i s\u0103 aprecieze lucr\u0103rile colegilor.<\/p>","protected":false},"featured_media":2469,"comment_status":"open","ping_status":"closed","template":"","meta":[],"product_brand":[],"product_cat":[52],"product_tag":[],"class_list":{"0":"post-2519","1":"product","2":"type-product","3":"status-publish","4":"has-post-thumbnail","6":"product_cat-cursuri","8":"first","9":"instock","10":"shipping-taxable","11":"product-type-simple"},"_links":{"self":[{"href":"https:\/\/literabruchsal.com\/de\/wp-json\/wp\/v2\/product\/2519","targetHints":{"allow":["GET"]}}],"collection":[{"href":"https:\/\/literabruchsal.com\/de\/wp-json\/wp\/v2\/product"}],"about":[{"href":"https:\/\/literabruchsal.com\/de\/wp-json\/wp\/v2\/types\/product"}],"replies":[{"embeddable":true,"href":"https:\/\/literabruchsal.com\/de\/wp-json\/wp\/v2\/comments?post=2519"}],"wp:featuredmedia":[{"embeddable":true,"href":"https:\/\/literabruchsal.com\/de\/wp-json\/wp\/v2\/media\/2469"}],"wp:attachment":[{"href":"https:\/\/literabruchsal.com\/de\/wp-json\/wp\/v2\/media?parent=2519"}],"wp:term":[{"taxonomy":"product_brand","embeddable":true,"href":"https:\/\/literabruchsal.com\/de\/wp-json\/wp\/v2\/product_brand?post=2519"},{"taxonomy":"product_cat","embeddable":true,"href":"https:\/\/literabruchsal.com\/de\/wp-json\/wp\/v2\/product_cat?post=2519"},{"taxonomy":"product_tag","embeddable":true,"href":"https:\/\/literabruchsal.com\/de\/wp-json\/wp\/v2\/product_tag?post=2519"}],"curies":[{"name":"wp","href":"https:\/\/api.w.org\/{rel}","templated":true}]}}