{"id":2518,"date":"2021-02-22T15:54:39","date_gmt":"2021-02-22T15:54:39","guid":{"rendered":"https:\/\/v2.literabruchsal.com\/?post_type=product&#038;p=2518"},"modified":"2024-11-09T10:15:44","modified_gmt":"2024-11-09T09:15:44","slug":"curs-romana-pentru-copii","status":"publish","type":"product","link":"https:\/\/literabruchsal.com\/de\/product\/curs-romana-pentru-copii\/","title":{"rendered":"Curs Rom\u00e2n\u0103 pentru copii"},"content":{"rendered":"","protected":false},"excerpt":{"rendered":"<p style=\"text-align: justify;\">Cursurile de limba rom\u00e2n\u0103, ca a doua limb\u0103, sunt adresate copiilor din familiile de rom\u00e2ni, dar \u0219i mixte ,care se dezvolt\u0103 \u00eentr-un mediu bilingual. Ele au ca obiectiv dezvoltarea competen\u021bei de comunicare oral\u0103, la care se adaug\u0103 celelalte trei competen\u021be: audi\u021bie, citire \u0219i scris. Ne dorim s\u0103 motiv\u0103m copii prin diferite metode pedagogice pentru a descoperi istoria, geografia \u0219i tradi\u021biile Rom\u00e2niei .<\/p>\n<p><strong><span class=\"vc_tta-title-text\">Cui se adreseaz\u0103 acest curs?<\/span><\/strong><\/p>\n<p>Cursul se adreseaz\u0103 copiilor cu v\u00e2rste cuprinse \u00eentre\u00a0<strong>3-6 ani<\/strong>,\u00a0<strong>6 \u2013 8 ani<\/strong>\u00a0\u0219i\u00a0<strong>8 \u2013 10 ani<\/strong>;<\/p>\n<p><strong>C\u00e2\u021bi cursan\u021bi sunt \u00eentr-o grup\u0103?<\/strong><\/p>\n<p>Grupa cuprinde \u00eentre 8 \u2013 12 cursan\u021bi, \u00een func\u021bie de gradul de ocupare la \u00eenscrierile preliminare. Modul complet de limba rom\u00e2n\u0103 are 56 ore \u0219i se desf\u0103\u0219oar\u0103 \u00een fiecare s\u0103pt\u0103m\u00e2n\u0103 la o or\u0103 anun\u021bat\u0103 \u00een prealabil.<\/p>\n<p><strong>Unde se desf\u0103\u0219oar\u0103 cursurile?<\/strong><\/p>\n<p>Cursurile se desf\u0103\u0219oar\u0103 la sediul Asocia\u021biei Litera la adresa Merianstra\u00dfe 5, 76646 Bruchsal-Heidelsheim.<\/p>","protected":false},"featured_media":2467,"comment_status":"open","ping_status":"closed","template":"","meta":[],"product_brand":[],"product_cat":[52],"product_tag":[],"class_list":{"0":"post-2518","1":"product","2":"type-product","3":"status-publish","4":"has-post-thumbnail","6":"product_cat-cursuri","8":"first","9":"instock","10":"shipping-taxable","11":"product-type-simple"},"_links":{"self":[{"href":"https:\/\/literabruchsal.com\/de\/wp-json\/wp\/v2\/product\/2518","targetHints":{"allow":["GET"]}}],"collection":[{"href":"https:\/\/literabruchsal.com\/de\/wp-json\/wp\/v2\/product"}],"about":[{"href":"https:\/\/literabruchsal.com\/de\/wp-json\/wp\/v2\/types\/product"}],"replies":[{"embeddable":true,"href":"https:\/\/literabruchsal.com\/de\/wp-json\/wp\/v2\/comments?post=2518"}],"wp:featuredmedia":[{"embeddable":true,"href":"https:\/\/literabruchsal.com\/de\/wp-json\/wp\/v2\/media\/2467"}],"wp:attachment":[{"href":"https:\/\/literabruchsal.com\/de\/wp-json\/wp\/v2\/media?parent=2518"}],"wp:term":[{"taxonomy":"product_brand","embeddable":true,"href":"https:\/\/literabruchsal.com\/de\/wp-json\/wp\/v2\/product_brand?post=2518"},{"taxonomy":"product_cat","embeddable":true,"href":"https:\/\/literabruchsal.com\/de\/wp-json\/wp\/v2\/product_cat?post=2518"},{"taxonomy":"product_tag","embeddable":true,"href":"https:\/\/literabruchsal.com\/de\/wp-json\/wp\/v2\/product_tag?post=2518"}],"curies":[{"name":"wp","href":"https:\/\/api.w.org\/{rel}","templated":true}]}}