{"id":2517,"date":"2021-02-22T15:53:23","date_gmt":"2021-02-22T15:53:23","guid":{"rendered":"https:\/\/v2.literabruchsal.com\/?post_type=product&#038;p=2517"},"modified":"2024-07-08T12:43:25","modified_gmt":"2024-07-08T10:43:25","slug":"curs-germana-avansati-b1","status":"publish","type":"product","link":"https:\/\/literabruchsal.com\/de\/product\/curs-germana-avansati-b1\/","title":{"rendered":"Curs german\u0103 avansa\u021bi B1"},"content":{"rendered":"","protected":false},"excerpt":{"rendered":"<p style=\"text-align: justify;\">Dup\u0103 finalizarea nivelului B1, pute\u021bi \u00een\u021belege punctele principale din conversa\u021bii despre subiecte de zi cu zi (\u0219tiri radio sau televiziune). Ave\u021bi vocabularul necesar diferitelor situa\u021bii cotidiene. Prin propozi\u021bii simple pute\u021bi descrie experien\u021be, evenimente sau dorin\u021be. Pute\u021bi s\u0103 v\u0103 justifica\u021bi pe scurt planurile \u0219i opiniile. Pute\u021bi relata o poveste dintr-o carte sau film. \u00cen\u021belege\u021bi textele \u00een limbajul comun de zi cu zi sau profesional. Scrie\u021bi texte simple \u0219i coerente pe teme care v\u0103 sunt familiare \u0219i care v\u0103 intereseaz\u0103.<\/p>\n<p><strong><span class=\"vc_tta-title-text\">Cui se adreseaz\u0103 acest curs?<\/span><\/strong><\/p>\n<p>Cursul B1.1 se adreseaz\u0103 tinerilor \u0219i adul\u021bilor cu precuno\u0219tin\u021be avansate de limba german\u0103 care doresc s\u0103-\u0219i perfectioneze limba german\u0103;<\/p>\n<p><strong>C\u00e2\u021bi cursan\u021bi sunt \u00eentr-o grup\u0103?<\/strong><\/p>\n<p>Grupa cuprinde \u00eentre 8 \u2013 12 cursan\u021bi, \u00een func\u021bie de gradul de ocupare la \u00eenscrierile preliminare. Modul complet de limba german\u0103 pentru \u00eencep\u0103tori A1 are 56 ore \u0219i se desf\u0103\u0219oar\u0103 \u00een fiecare s\u0103pt\u0103m\u00e2n\u0103 vineri \u00eentre orele 18.00 \u2013 20.00.<\/p>\n<p><strong>Unde se desf\u0103\u0219oar\u0103 cursurile?<\/strong><\/p>\n<p>Cursurile se desf\u0103\u0219oar\u0103 la sediul Asocia\u021biei Litera la adresa Merianstra\u00dfe 5, 76646 Bruchsal-Heidelsheim.<\/p>","protected":false},"featured_media":2694,"comment_status":"open","ping_status":"closed","template":"","meta":[],"product_brand":[],"product_cat":[52],"product_tag":[],"class_list":{"0":"post-2517","1":"product","2":"type-product","3":"status-publish","4":"has-post-thumbnail","6":"product_cat-cursuri","8":"first","9":"instock","10":"shipping-taxable","11":"product-type-simple"},"_links":{"self":[{"href":"https:\/\/literabruchsal.com\/de\/wp-json\/wp\/v2\/product\/2517","targetHints":{"allow":["GET"]}}],"collection":[{"href":"https:\/\/literabruchsal.com\/de\/wp-json\/wp\/v2\/product"}],"about":[{"href":"https:\/\/literabruchsal.com\/de\/wp-json\/wp\/v2\/types\/product"}],"replies":[{"embeddable":true,"href":"https:\/\/literabruchsal.com\/de\/wp-json\/wp\/v2\/comments?post=2517"}],"wp:featuredmedia":[{"embeddable":true,"href":"https:\/\/literabruchsal.com\/de\/wp-json\/wp\/v2\/media\/2694"}],"wp:attachment":[{"href":"https:\/\/literabruchsal.com\/de\/wp-json\/wp\/v2\/media?parent=2517"}],"wp:term":[{"taxonomy":"product_brand","embeddable":true,"href":"https:\/\/literabruchsal.com\/de\/wp-json\/wp\/v2\/product_brand?post=2517"},{"taxonomy":"product_cat","embeddable":true,"href":"https:\/\/literabruchsal.com\/de\/wp-json\/wp\/v2\/product_cat?post=2517"},{"taxonomy":"product_tag","embeddable":true,"href":"https:\/\/literabruchsal.com\/de\/wp-json\/wp\/v2\/product_tag?post=2517"}],"curies":[{"name":"wp","href":"https:\/\/api.w.org\/{rel}","templated":true}]}}