{"id":2516,"date":"2021-02-22T15:52:20","date_gmt":"2021-02-22T15:52:20","guid":{"rendered":"https:\/\/v2.literabruchsal.com\/?post_type=product&#038;p=2516"},"modified":"2024-11-09T13:26:42","modified_gmt":"2024-11-09T12:26:42","slug":"curs-germana-avansat-pentru-incepatori-a2","status":"publish","type":"product","link":"https:\/\/literabruchsal.com\/de\/product\/curs-germana-avansat-pentru-incepatori-a2\/","title":{"rendered":"Curs german\u0103 avansat pentru \u00eencep\u0103tori A2"},"content":{"rendered":"","protected":false},"excerpt":{"rendered":"<p style=\"text-align: justify;\">La nivelul acesta \u00een\u021belege\u021bi propozi\u021biile individuale \u0219i cele mai frecvente cuvinte, de exemplu, informa\u021bii despre persoan\u0103 \u0219i familie, cump\u0103r\u0103turi, serviciu, zona local\u0103. \u00cen\u021belege\u021bi la modul general mesajele \u0219i anun\u021burile scurte, clare \u0219i simple. \u00cenv\u0103\u021ba\u021bi s\u0103 face\u021bi schimb de informa\u021bii despre subiecte \u0219i activit\u0103\u021bi familiare, folosind o serie de propozi\u021bii simple. Ve\u021bi citi \u0219i ve\u021bi \u00een\u021belege texte foarte scurte, g\u0103sind informa\u021bii (de exemplu, reclame, bro\u0219uri, meniuri sau orare). Scrisul se exerseaz\u0103 scriind mesaje scurte, scrisori personale, invita\u021bii \u2026<\/p>\n<p><strong><span class=\"vc_tta-title-text\">Cui se adreseaz\u0103 acest curs?<\/span><\/strong><\/p>\n<p>Cursul A2.1 se adreseaz\u0103 tinerilor \u0219i adul\u021bilor cu precuno\u0219tin\u021be de limba german\u0103<\/p>\n<p><strong>C\u00e2\u021bi cursan\u021bi sunt \u00eentr-o grup\u0103?<\/strong><\/p>\n<p>Grupa cuprinde \u00eentre 8 \u2013 12 cursan\u021bi, \u00een func\u021bie de gradul de ocupare la \u00eenscrierile preliminare. Modul complet de limba german\u0103 pentru \u00eencep\u0103tori A1 are 56 ore \u0219i se desf\u0103\u0219oar\u0103 \u00een fiecare s\u0103pt\u0103m\u00e2n\u0103 mar\u021bi \u00eentre orele 17.00 \u2013 18.30.<\/p>\n<p><strong>Unde se desf\u0103\u0219oar\u0103 cursurile?<\/strong><\/p>\n<p>Cursurile se desf\u0103\u0219oar\u0103 la sediul Asocia\u021biei Litera la adresa Merianstra\u00dfe 5, 76646 Bruchsal-Heidelsheim.<\/p>","protected":false},"featured_media":2693,"comment_status":"open","ping_status":"closed","template":"","meta":[],"product_brand":[],"product_cat":[52],"product_tag":[],"class_list":{"0":"post-2516","1":"product","2":"type-product","3":"status-publish","4":"has-post-thumbnail","6":"product_cat-cursuri","8":"first","9":"instock","10":"shipping-taxable","11":"product-type-simple"},"_links":{"self":[{"href":"https:\/\/literabruchsal.com\/de\/wp-json\/wp\/v2\/product\/2516","targetHints":{"allow":["GET"]}}],"collection":[{"href":"https:\/\/literabruchsal.com\/de\/wp-json\/wp\/v2\/product"}],"about":[{"href":"https:\/\/literabruchsal.com\/de\/wp-json\/wp\/v2\/types\/product"}],"replies":[{"embeddable":true,"href":"https:\/\/literabruchsal.com\/de\/wp-json\/wp\/v2\/comments?post=2516"}],"wp:featuredmedia":[{"embeddable":true,"href":"https:\/\/literabruchsal.com\/de\/wp-json\/wp\/v2\/media\/2693"}],"wp:attachment":[{"href":"https:\/\/literabruchsal.com\/de\/wp-json\/wp\/v2\/media?parent=2516"}],"wp:term":[{"taxonomy":"product_brand","embeddable":true,"href":"https:\/\/literabruchsal.com\/de\/wp-json\/wp\/v2\/product_brand?post=2516"},{"taxonomy":"product_cat","embeddable":true,"href":"https:\/\/literabruchsal.com\/de\/wp-json\/wp\/v2\/product_cat?post=2516"},{"taxonomy":"product_tag","embeddable":true,"href":"https:\/\/literabruchsal.com\/de\/wp-json\/wp\/v2\/product_tag?post=2516"}],"curies":[{"name":"wp","href":"https:\/\/api.w.org\/{rel}","templated":true}]}}