{"id":2513,"date":"2021-02-22T15:48:36","date_gmt":"2021-02-22T15:48:36","guid":{"rendered":"https:\/\/v2.literabruchsal.com\/?post_type=product&#038;p=2513"},"modified":"2021-03-12T08:01:54","modified_gmt":"2021-03-12T07:01:54","slug":"curs-germana-incepatori-a1","status":"publish","type":"product","link":"https:\/\/literabruchsal.com\/de\/product\/curs-germana-incepatori-a1\/","title":{"rendered":"Curs german\u0103 \u00eencep\u0103tori A1"},"content":{"rendered":"","protected":false},"excerpt":{"rendered":"<p style=\"text-align: justify;\">La nivelul de \u00eencep\u0103tor \u00eenv\u0103\u021ba\u021bi cuvinte \u0219i propozi\u021bii simple din sfera familiei sau a situa\u021biilor familiare. Pute\u021bi conversa pe teme familiare, pune \u0219i r\u0103spunde la \u00eentreb\u0103ri simple. Reu\u0219i\u021bi s\u0103 folosi\u021bi fraze \u0219i propozi\u021bii simple pentru a descrie unde locuie\u0219ti sau persoanele pe care le cunoa\u0219te\u021bi .Ve\u021bi \u00eenva\u021b\u0103 s\u0103 scrie\u021bi c\u0103r\u021bi po\u0219tale sau s\u0103 completa\u021bi formulare: nume, adres\u0103, na\u021bionalitate.De asemena intra\u021bi \u00een contact cu cotidianul din societatea german\u0103.<\/p>\n<p style=\"text-align: left;\"><strong><span class=\"vc_tta-title-text\">Cui se adreseaz\u0103 acest curs?<\/span><\/strong><\/p>\n<p style=\"text-align: justify;\">Cursul A1.1 se adreseaz\u0103 tinerilor \u0219i adul\u021bilor f\u0103r\u0103 precuno\u0219tin\u021be de limba german\u0103 care doresc s\u0103 se integreze c\u00e2t mai rapid \u00een societatea german\u0103;<\/p>\n<p style=\"text-align: left;\"><strong>C\u00e2\u021bi cursan\u021bi sunt \u00eentr-o grup\u0103?<\/strong><\/p>\n<p style=\"text-align: justify;\">Grupa cuprinde \u00eentre 8 \u2013 12 cursan\u021bi, \u00een func\u021bie de gradul de ocupare la \u00eenscrierile preliminare. Modul complet de limba german\u0103 pentru \u00eencep\u0103tori A1 are 56 ore \u0219i se desf\u0103\u0219oar\u0103 \u00een fiecare s\u0103pt\u0103m\u00e2n\u0103 mar\u021bi \u00eentre orele 18.30 \u2013 20.00.<\/p>\n<p style=\"text-align: left;\"><strong>Unde se desf\u0103\u0219oar\u0103 cursurile?<\/strong><\/p>\n<p style=\"text-align: justify;\">Cursurile se desf\u0103\u0219oar\u0103 la sediul Asocia\u021biei Litera la adresa Merianstra\u00dfe 5, 76646 Bruchsal-Heidelsheim.<\/p>","protected":false},"featured_media":2692,"comment_status":"open","ping_status":"closed","template":"","meta":[],"product_brand":[],"product_cat":[52],"product_tag":[],"class_list":{"0":"post-2513","1":"product","2":"type-product","3":"status-publish","4":"has-post-thumbnail","6":"product_cat-cursuri","8":"first","9":"instock","10":"shipping-taxable","11":"product-type-simple"},"_links":{"self":[{"href":"https:\/\/literabruchsal.com\/de\/wp-json\/wp\/v2\/product\/2513","targetHints":{"allow":["GET"]}}],"collection":[{"href":"https:\/\/literabruchsal.com\/de\/wp-json\/wp\/v2\/product"}],"about":[{"href":"https:\/\/literabruchsal.com\/de\/wp-json\/wp\/v2\/types\/product"}],"replies":[{"embeddable":true,"href":"https:\/\/literabruchsal.com\/de\/wp-json\/wp\/v2\/comments?post=2513"}],"wp:featuredmedia":[{"embeddable":true,"href":"https:\/\/literabruchsal.com\/de\/wp-json\/wp\/v2\/media\/2692"}],"wp:attachment":[{"href":"https:\/\/literabruchsal.com\/de\/wp-json\/wp\/v2\/media?parent=2513"}],"wp:term":[{"taxonomy":"product_brand","embeddable":true,"href":"https:\/\/literabruchsal.com\/de\/wp-json\/wp\/v2\/product_brand?post=2513"},{"taxonomy":"product_cat","embeddable":true,"href":"https:\/\/literabruchsal.com\/de\/wp-json\/wp\/v2\/product_cat?post=2513"},{"taxonomy":"product_tag","embeddable":true,"href":"https:\/\/literabruchsal.com\/de\/wp-json\/wp\/v2\/product_tag?post=2513"}],"curies":[{"name":"wp","href":"https:\/\/api.w.org\/{rel}","templated":true}]}}