{"id":2727,"date":"2021-04-02T05:42:15","date_gmt":"2021-04-02T03:42:15","guid":{"rendered":"https:\/\/literabruchsal.com\/?page_id=2727"},"modified":"2022-11-19T14:44:48","modified_gmt":"2022-11-19T13:44:48","slug":"ghid-de-orientare","status":"publish","type":"page","link":"https:\/\/literabruchsal.com\/de\/ghid-de-orientare\/","title":{"rendered":"Ghid de orientare"},"content":{"rendered":"<p><section id=\"bt_bb_section69e616bb69785\" class=\"bt_bb_section bt_bb_layout_boxed_1200\"  data-bt-override-class=\"null\"><div class=\"bt_bb_port\"><div class=\"bt_bb_cell\"><div class=\"bt_bb_cell_inner\"><div class=\"bt_bb_row\"  data-bt-override-class=\"{}\"><div class=\"bt_bb_row_holder\" ><div  class=\"bt_bb_column col-xl-6 col-xs-12 col-sm-6 col-md-6 col-lg-6 bt_bb_align_left bt_bb_vertical_align_top bt_bb_padding_normal\"  data-width=\"6\" data-bt-override-class=\"{}\"><div class=\"bt_bb_column_content\"><div class=\"bt_bb_separator bt_bb_border_style_none bt_bb_top_spacing_medium\" data-bt-override-class=\"null\"><\/div><div class=\"bt_bb_image bt_bb_shape_square bt_bb_target_self bt_bb_align_inherit bt_bb_hover_style_simple bt_bb_content_display_always bt_bb_content_align_middle bt_bb_fill_background_color_full\" data-bt-override-class=\"{&quot;bt_bb_align_&quot;:{&quot;current_class&quot;:&quot;bt_bb_align_inherit&quot;,&quot;def&quot;:&quot;inherit&quot;,&quot;xl&quot;:&quot;inherit&quot;}}\"><span><img loading=\"lazy\" decoding=\"async\" width=\"918\" height=\"639\" src=\"https:\/\/literabruchsal.com\/wp-content\/uploads\/2021\/04\/portrait-woman-customer-service-worker.jpg\" class=\"attachment-full size-full\" alt=\"Woman working in call center as dispatcher\" data-full_image_src=\"https:\/\/literabruchsal.com\/wp-content\/uploads\/2021\/04\/portrait-woman-customer-service-worker.jpg\" title=\"Dispatcher\" srcset=\"https:\/\/literabruchsal.com\/wp-content\/uploads\/2021\/04\/portrait-woman-customer-service-worker.jpg 918w, https:\/\/literabruchsal.com\/wp-content\/uploads\/2021\/04\/portrait-woman-customer-service-worker-640x445.jpg 640w, https:\/\/literabruchsal.com\/wp-content\/uploads\/2021\/04\/portrait-woman-customer-service-worker-768x535.jpg 768w, https:\/\/literabruchsal.com\/wp-content\/uploads\/2021\/04\/portrait-woman-customer-service-worker-320x223.jpg 320w, https:\/\/literabruchsal.com\/wp-content\/uploads\/2021\/04\/portrait-woman-customer-service-worker-600x418.jpg 600w\" sizes=\"auto, (max-width: 918px) 100vw, 918px\" \/><\/span><\/div><\/div><\/div><div  class=\"bt_bb_column col-xl-6 col-xs-12 col-sm-6 col-md-6 col-lg-6 bt_bb_align_left bt_bb_vertical_align_top bt_bb_padding_normal\"  data-width=\"6\" data-bt-override-class=\"{}\"><div class=\"bt_bb_column_content\"><div class=\"bt_bb_separator bt_bb_border_style_none bt_bb_top_spacing_medium\" data-bt-override-class=\"null\"><\/div><div class=\"bt_bb_service bt_bb_style_outline bt_bb_shape_circle bt_bb_size_small bt_bb_align_inherit bt_bb_vertical_align_top\" data-bt-override-class=\"null\"><span  data-ico-essential=\"&#xe9b9;\" class=\"bt_bb_icon_holder\"><\/span><div class=\"bt_bb_service_content\"><div class=\"bt_bb_service_content_title\">Descoper\u0103 Bruchsal - servicii \u0219i institu\u021bii: adrese utile<\/div><\/div><\/div><div class=\"bt_bb_separator bt_bb_border_style_none bt_bb_top_spacing_small\" data-bt-override-class=\"null\"><\/div><div class=\"bt_bb_service bt_bb_style_outline bt_bb_shape_circle bt_bb_size_small bt_bb_align_inherit bt_bb_vertical_align_top\" data-bt-override-class=\"null\"><span  data-ico-fontawesome5solid=\"&#xf4be;\" class=\"bt_bb_icon_holder\"><\/span><div class=\"bt_bb_service_content\"><div class=\"bt_bb_service_content_title\">Informa\u021bii despre sistemul de s\u0103n\u0103tate \u0219i de asigurare social\u0103<\/div><\/div><\/div><div class=\"bt_bb_separator bt_bb_border_style_none bt_bb_top_spacing_small\" data-bt-override-class=\"null\"><\/div><div class=\"bt_bb_service bt_bb_style_outline bt_bb_shape_circle bt_bb_size_small bt_bb_align_inherit bt_bb_vertical_align_top\" data-bt-override-class=\"null\"><span  data-ico-fontawesome5solid=\"&#xf549;\" class=\"bt_bb_icon_holder\"><\/span><div class=\"bt_bb_service_content\"><div class=\"bt_bb_service_content_title\">Sistemul \u0219colar din Baden-W\u00fcrttemberg<\/div><\/div><\/div><div class=\"bt_bb_separator bt_bb_border_style_none bt_bb_top_spacing_small\" data-bt-override-class=\"null\"><\/div><div class=\"bt_bb_service bt_bb_style_outline bt_bb_shape_circle bt_bb_size_small bt_bb_align_inherit bt_bb_vertical_align_top\" data-bt-override-class=\"null\"><span  data-ico-fontawesome5brands=\"&#xf286;\" class=\"bt_bb_icon_holder\"><\/span><div class=\"bt_bb_service_content\"><div class=\"bt_bb_service_content_title\">\u00censcriere la gr\u0103dini\u021be \u0219i \u0219coli <\/div><\/div><\/div><div class=\"bt_bb_separator bt_bb_border_style_none bt_bb_top_spacing_small\" data-bt-override-class=\"null\"><\/div><div class=\"bt_bb_service bt_bb_style_outline bt_bb_shape_circle bt_bb_size_small bt_bb_align_inherit bt_bb_vertical_align_top\" data-bt-override-class=\"null\"><span  data-ico-fontawesome5solid=\"&#xf77c;\" class=\"bt_bb_icon_holder\"><\/span><div class=\"bt_bb_service_content\"><div class=\"bt_bb_service_content_title\">Sprijin \u00een c\u0103utarea unei forme de \u00eengrijire a copilului pre\u0219colar<\/div><\/div><\/div><div class=\"bt_bb_separator bt_bb_border_style_none bt_bb_top_spacing_small\" data-bt-override-class=\"null\"><\/div><div class=\"bt_bb_service bt_bb_style_outline bt_bb_shape_circle bt_bb_size_small bt_bb_align_inherit bt_bb_vertical_align_top\" data-bt-override-class=\"null\"><span  data-ico-fontawesome=\"&#xf02d;\" class=\"bt_bb_icon_holder\"><\/span><div class=\"bt_bb_service_content\"><div class=\"bt_bb_service_content_title\">G\u0103sirea unui curs de limba german\u0103 <\/div><\/div><\/div><div class=\"bt_bb_separator bt_bb_border_style_none bt_bb_top_spacing_small\" data-bt-override-class=\"null\"><\/div><div class=\"bt_bb_service bt_bb_style_outline bt_bb_shape_circle bt_bb_size_small bt_bb_align_inherit bt_bb_vertical_align_top\" data-bt-override-class=\"null\"><span  data-ico-fontawesome5solid=\"&#xf78c;\" class=\"bt_bb_icon_holder\"><\/span><div class=\"bt_bb_service_content\"><div class=\"bt_bb_service_content_title\">Interpretariat limba german\u0103<\/div><\/div><\/div><div class=\"bt_bb_separator bt_bb_border_style_none bt_bb_top_spacing_small\" data-bt-override-class=\"null\"><\/div><div class=\"bt_bb_separator bt_bb_border_style_none bt_bb_top_spacing_small\" data-bt-override-class=\"null\"><\/div><div class=\"bt_bb_service bt_bb_style_outline bt_bb_shape_circle bt_bb_size_small bt_bb_align_inherit bt_bb_vertical_align_top\" data-bt-override-class=\"null\"><span  data-ico-essential=\"&#xe954;\" class=\"bt_bb_icon_holder\"><\/span><div class=\"bt_bb_service_content\"><div class=\"bt_bb_service_content_title\">Informa\u021bii despre recunoa\u0219terea diplomelor <\/div><\/div><\/div><div class=\"bt_bb_separator bt_bb_border_style_none bt_bb_top_spacing_small bt_bb_bottom_spacing_normal\" data-bt-override-class=\"null\"><\/div><\/div><\/div><\/div><\/div><\/div><!-- cell_inner --><\/div><!-- cell --><\/div><!-- port --><\/section><section id=\"bt_bb_section69e616bb6a06b\" class=\"bt_bb_section bt_bb_layout_boxed_1200\"  data-bt-override-class=\"null\"><div class=\"bt_bb_port\"><div class=\"bt_bb_cell\"><div class=\"bt_bb_cell_inner\"><div class=\"bt_bb_row\"  data-bt-override-class=\"{}\"><div class=\"bt_bb_row_holder\" ><div  class=\"bt_bb_column col-xl-12 col-xs-12 col-sm-12 col-md-12 col-lg-12 bt_bb_align_left bt_bb_vertical_align_top bt_bb_padding_normal\"  data-width=\"12\" data-bt-override-class=\"{}\"><div class=\"bt_bb_column_content\"><\/div><\/div><\/div><\/div><\/div><!-- cell_inner --><\/div><!-- cell --><\/div><!-- port --><\/section><\/p>","protected":false},"excerpt":{"rendered":"","protected":false},"author":1,"featured_media":0,"parent":0,"menu_order":0,"comment_status":"closed","ping_status":"closed","template":"","meta":{"footnotes":""},"class_list":["post-2727","page","type-page","status-publish","hentry"],"_links":{"self":[{"href":"https:\/\/literabruchsal.com\/de\/wp-json\/wp\/v2\/pages\/2727","targetHints":{"allow":["GET"]}}],"collection":[{"href":"https:\/\/literabruchsal.com\/de\/wp-json\/wp\/v2\/pages"}],"about":[{"href":"https:\/\/literabruchsal.com\/de\/wp-json\/wp\/v2\/types\/page"}],"author":[{"embeddable":true,"href":"https:\/\/literabruchsal.com\/de\/wp-json\/wp\/v2\/users\/1"}],"replies":[{"embeddable":true,"href":"https:\/\/literabruchsal.com\/de\/wp-json\/wp\/v2\/comments?post=2727"}],"version-history":[{"count":16,"href":"https:\/\/literabruchsal.com\/de\/wp-json\/wp\/v2\/pages\/2727\/revisions"}],"predecessor-version":[{"id":2731,"href":"https:\/\/literabruchsal.com\/de\/wp-json\/wp\/v2\/pages\/2727\/revisions\/2731"}],"wp:attachment":[{"href":"https:\/\/literabruchsal.com\/de\/wp-json\/wp\/v2\/media?parent=2727"}],"curies":[{"name":"wp","href":"https:\/\/api.w.org\/{rel}","templated":true}]}}