{"id":1651,"date":"2019-04-01T10:27:34","date_gmt":"2019-04-01T10:27:34","guid":{"rendered":"http:\/\/avantage.bold-themes.com\/business\/?page_id=1651"},"modified":"2019-04-01T10:27:34","modified_gmt":"2019-04-01T10:27:34","slug":"products-four-columns","status":"publish","type":"page","link":"https:\/\/literabruchsal.com\/de\/cursuri\/products-four-columns\/","title":{"rendered":"Products four columns"},"content":{"rendered":"<section id=\"bt_bb_section69d5406f08f16\" class=\"bt_bb_section bt_bb_layout_boxed_1200 bt_bb_vertical_align_top bt_bb_top_spacing_medium bt_bb_bottom_spacing_large\"  data-bt-override-class=\"null\"><div class=\"bt_bb_port\"><div class=\"bt_bb_cell\"><div class=\"bt_bb_cell_inner\"><div class=\"bt_bb_row\"  data-bt-override-class=\"{}\"><div class=\"bt_bb_row_holder\" ><div  class=\"bt_bb_column col-xl-12 bt_bb_align_left bt_bb_vertical_align_top bt_bb_padding_normal\"  data-width=\"12\" data-bt-override-class=\"{}\"><div class=\"bt_bb_column_content\"><div  class=\"bt_bb_text\" ><div class=\"woocommerce columns-4\"><ul class=\"products columns-4\">\n<li class=\"product type-product post-2513 status-publish first instock product_cat-cursuri has-post-thumbnail shipping-taxable product-type-simple\">\n\t<div class=\"btWooShopLoopItemInner\"><div class=\"bt_bb_image bt_bb_target_self\" data-bt-override-class=\"{}\"><a href=\"https:\/\/literabruchsal.com\/de\/product\/curs-germana-incepatori-a1\/\"  target=\"_self\" title=\"A1\"><img fetchpriority=\"high\" decoding=\"async\" width=\"600\" height=\"600\" src=\"https:\/\/literabruchsal.com\/wp-content\/uploads\/2021\/02\/A1.jpg\" class=\"attachment-woocommerce_thumbnail size-woocommerce_thumbnail\" alt=\"https:\/\/literabruchsal.com\/wp-content\/uploads\/2021\/02\/A1.jpg\" data-full_image_src=\"https:\/\/literabruchsal.com\/wp-content\/uploads\/2021\/02\/A1.jpg\" title=\"A1\" loading=\"eager\" srcset=\"https:\/\/literabruchsal.com\/wp-content\/uploads\/2021\/02\/A1.jpg 600w, https:\/\/literabruchsal.com\/wp-content\/uploads\/2021\/02\/A1-160x160.jpg 160w, https:\/\/literabruchsal.com\/wp-content\/uploads\/2021\/02\/A1-320x320.jpg 320w, https:\/\/literabruchsal.com\/wp-content\/uploads\/2021\/02\/A1-100x100.jpg 100w\" sizes=\"(max-width: 600px) 100vw, 600px\" \/><\/a><\/div><header class=\"bt_bb_headline bt_bb_dash_bottom bt_bb_superheadline bt_bb_superheadline_outside bt_bb_subheadline bt_bb_size_small\" data-bt-override-class=\"{}\"><div class=\"bt_bb_headline_superheadline_outside\"><span class=\"bt_bb_headline_superheadline\"><span class=\"btArticleCategories\"><a href=\"https:\/\/literabruchsal.com\/de\/product-category\/cursuri\/\" class=\"btArticleCategory cursuri\">Cursuri<\/a><\/span><\/span><\/div><h2 class=\"bt_bb_headline_tag\"><span class=\"bt_bb_headline_content\"><span><a href=\"https:\/\/literabruchsal.com\/de\/product\/curs-germana-incepatori-a1\/\" target=\"_self\" title=\"Curs german\u0103 \u00eencep\u0103tori A1\">Curs german\u0103 \u00eencep\u0103tori A1<\/a><\/span><\/span><\/h2><div class=\"bt_bb_headline_subheadline\"><span class=\"btNoStarRating\"><\/span><\/div><\/header>\n<a class=\"button\" href=\"https:\/\/literabruchsal.com\/de\/product\/curs-germana-incepatori-a1\/\">\u00censcrie-te<\/a><\/div><\/li>\n<li class=\"product type-product post-2516 status-publish instock product_cat-cursuri has-post-thumbnail shipping-taxable product-type-simple\">\n\t<div class=\"btWooShopLoopItemInner\"><div class=\"bt_bb_image bt_bb_target_self\" data-bt-override-class=\"{}\"><a href=\"https:\/\/literabruchsal.com\/de\/product\/curs-germana-avansat-pentru-incepatori-a2\/\"  target=\"_self\" title=\"A2\"><img decoding=\"async\" width=\"600\" height=\"600\" src=\"https:\/\/literabruchsal.com\/wp-content\/uploads\/2021\/02\/A2-600x600.jpg\" class=\"attachment-woocommerce_thumbnail size-woocommerce_thumbnail\" alt=\"https:\/\/literabruchsal.com\/wp-content\/uploads\/2021\/02\/A2-600x600.jpg\" data-full_image_src=\"https:\/\/literabruchsal.com\/wp-content\/uploads\/2021\/02\/A2.jpg\" title=\"A2\" loading=\"eager\" srcset=\"https:\/\/literabruchsal.com\/wp-content\/uploads\/2021\/02\/A2-600x600.jpg 600w, https:\/\/literabruchsal.com\/wp-content\/uploads\/2021\/02\/A2-640x640.jpg 640w, https:\/\/literabruchsal.com\/wp-content\/uploads\/2021\/02\/A2-160x160.jpg 160w, https:\/\/literabruchsal.com\/wp-content\/uploads\/2021\/02\/A2-768x768.jpg 768w, https:\/\/literabruchsal.com\/wp-content\/uploads\/2021\/02\/A2-320x320.jpg 320w, https:\/\/literabruchsal.com\/wp-content\/uploads\/2021\/02\/A2-100x100.jpg 100w, https:\/\/literabruchsal.com\/wp-content\/uploads\/2021\/02\/A2.jpg 1000w\" sizes=\"(max-width: 600px) 100vw, 600px\" \/><\/a><\/div><header class=\"bt_bb_headline bt_bb_dash_bottom bt_bb_superheadline bt_bb_superheadline_outside bt_bb_subheadline bt_bb_size_small\" data-bt-override-class=\"{}\"><div class=\"bt_bb_headline_superheadline_outside\"><span class=\"bt_bb_headline_superheadline\"><span class=\"btArticleCategories\"><a href=\"https:\/\/literabruchsal.com\/de\/product-category\/cursuri\/\" class=\"btArticleCategory cursuri\">Cursuri<\/a><\/span><\/span><\/div><h2 class=\"bt_bb_headline_tag\"><span class=\"bt_bb_headline_content\"><span><a href=\"https:\/\/literabruchsal.com\/de\/product\/curs-germana-avansat-pentru-incepatori-a2\/\" target=\"_self\" title=\"Curs german\u0103 avansat pentru \u00eencep\u0103tori A2\">Curs german\u0103 avansat pentru \u00eencep\u0103tori A2<\/a><\/span><\/span><\/h2><div class=\"bt_bb_headline_subheadline\"><span class=\"btNoStarRating\"><\/span><\/div><\/header>\n<a class=\"button\" href=\"https:\/\/literabruchsal.com\/de\/product\/curs-germana-avansat-pentru-incepatori-a2\/\">\u00censcrie-te<\/a><\/div><\/li>\n<li class=\"product type-product post-2517 status-publish instock product_cat-cursuri has-post-thumbnail shipping-taxable product-type-simple\">\n\t<div class=\"btWooShopLoopItemInner\"><div class=\"bt_bb_image bt_bb_target_self\" data-bt-override-class=\"{}\"><a href=\"https:\/\/literabruchsal.com\/de\/product\/curs-germana-avansati-b1\/\"  target=\"_self\" title=\"B1\"><img decoding=\"async\" width=\"600\" height=\"600\" src=\"https:\/\/literabruchsal.com\/wp-content\/uploads\/2021\/02\/B1-600x600.jpg\" class=\"attachment-woocommerce_thumbnail size-woocommerce_thumbnail\" alt=\"https:\/\/literabruchsal.com\/wp-content\/uploads\/2021\/02\/B1-600x600.jpg\" data-full_image_src=\"https:\/\/literabruchsal.com\/wp-content\/uploads\/2021\/02\/B1.jpg\" title=\"B1\" loading=\"eager\" srcset=\"https:\/\/literabruchsal.com\/wp-content\/uploads\/2021\/02\/B1-600x600.jpg 600w, https:\/\/literabruchsal.com\/wp-content\/uploads\/2021\/02\/B1-640x640.jpg 640w, https:\/\/literabruchsal.com\/wp-content\/uploads\/2021\/02\/B1-160x160.jpg 160w, https:\/\/literabruchsal.com\/wp-content\/uploads\/2021\/02\/B1-768x768.jpg 768w, https:\/\/literabruchsal.com\/wp-content\/uploads\/2021\/02\/B1-320x320.jpg 320w, https:\/\/literabruchsal.com\/wp-content\/uploads\/2021\/02\/B1-100x100.jpg 100w, https:\/\/literabruchsal.com\/wp-content\/uploads\/2021\/02\/B1.jpg 1000w\" sizes=\"(max-width: 600px) 100vw, 600px\" \/><\/a><\/div><header class=\"bt_bb_headline bt_bb_dash_bottom bt_bb_superheadline bt_bb_superheadline_outside bt_bb_subheadline bt_bb_size_small\" data-bt-override-class=\"{}\"><div class=\"bt_bb_headline_superheadline_outside\"><span class=\"bt_bb_headline_superheadline\"><span class=\"btArticleCategories\"><a href=\"https:\/\/literabruchsal.com\/de\/product-category\/cursuri\/\" class=\"btArticleCategory cursuri\">Cursuri<\/a><\/span><\/span><\/div><h2 class=\"bt_bb_headline_tag\"><span class=\"bt_bb_headline_content\"><span><a href=\"https:\/\/literabruchsal.com\/de\/product\/curs-germana-avansati-b1\/\" target=\"_self\" title=\"Curs german\u0103 avansa\u021bi B1\">Curs german\u0103 avansa\u021bi B1<\/a><\/span><\/span><\/h2><div class=\"bt_bb_headline_subheadline\"><span class=\"btNoStarRating\"><\/span><\/div><\/header>\n<a class=\"button\" href=\"https:\/\/literabruchsal.com\/de\/product\/curs-germana-avansati-b1\/\">\u00censcrie-te<\/a><\/div><\/li>\n<li class=\"product type-product post-2518 status-publish last instock product_cat-cursuri has-post-thumbnail shipping-taxable product-type-simple\">\n\t<div class=\"btWooShopLoopItemInner\"><div class=\"bt_bb_image bt_bb_target_self\" data-bt-override-class=\"{}\"><a href=\"https:\/\/literabruchsal.com\/de\/product\/curs-romana-pentru-copii\/\"  target=\"_self\" title=\"romana\"><img decoding=\"async\" width=\"600\" height=\"600\" src=\"https:\/\/literabruchsal.com\/wp-content\/uploads\/2019\/03\/romana-600x600.jpg\" class=\"attachment-woocommerce_thumbnail size-woocommerce_thumbnail\" alt=\"https:\/\/literabruchsal.com\/wp-content\/uploads\/2019\/03\/romana-600x600.jpg\" data-full_image_src=\"https:\/\/literabruchsal.com\/wp-content\/uploads\/2019\/03\/romana.jpg\" title=\"romana\" loading=\"eager\" srcset=\"https:\/\/literabruchsal.com\/wp-content\/uploads\/2019\/03\/romana-600x600.jpg 600w, https:\/\/literabruchsal.com\/wp-content\/uploads\/2019\/03\/romana-100x100.jpg 100w, https:\/\/literabruchsal.com\/wp-content\/uploads\/2019\/03\/romana-640x640.jpg 640w, https:\/\/literabruchsal.com\/wp-content\/uploads\/2019\/03\/romana-160x160.jpg 160w, https:\/\/literabruchsal.com\/wp-content\/uploads\/2019\/03\/romana-768x768.jpg 768w, https:\/\/literabruchsal.com\/wp-content\/uploads\/2019\/03\/romana-320x320.jpg 320w, https:\/\/literabruchsal.com\/wp-content\/uploads\/2019\/03\/romana.jpg 1000w\" sizes=\"(max-width: 600px) 100vw, 600px\" \/><\/a><\/div><header class=\"bt_bb_headline bt_bb_dash_bottom bt_bb_superheadline bt_bb_superheadline_outside bt_bb_subheadline bt_bb_size_small\" data-bt-override-class=\"{}\"><div class=\"bt_bb_headline_superheadline_outside\"><span class=\"bt_bb_headline_superheadline\"><span class=\"btArticleCategories\"><a href=\"https:\/\/literabruchsal.com\/de\/product-category\/cursuri\/\" class=\"btArticleCategory cursuri\">Cursuri<\/a><\/span><\/span><\/div><h2 class=\"bt_bb_headline_tag\"><span class=\"bt_bb_headline_content\"><span><a href=\"https:\/\/literabruchsal.com\/de\/product\/curs-romana-pentru-copii\/\" target=\"_self\" title=\"Curs Rom\u00e2n\u0103 pentru copii\">Curs Rom\u00e2n\u0103 pentru copii<\/a><\/span><\/span><\/h2><div class=\"bt_bb_headline_subheadline\"><span class=\"btNoStarRating\"><\/span><\/div><\/header>\n<a class=\"button\" href=\"https:\/\/literabruchsal.com\/de\/product\/curs-romana-pentru-copii\/\">\u00censcrie-te<\/a><\/div><\/li>\n<li class=\"product type-product post-2519 status-publish first instock product_cat-cursuri has-post-thumbnail shipping-taxable product-type-simple\">\n\t<div class=\"btWooShopLoopItemInner\"><div class=\"bt_bb_image bt_bb_target_self\" data-bt-override-class=\"{}\"><a href=\"https:\/\/literabruchsal.com\/de\/product\/curs-de-pictura-si-bricolaj\/\"  target=\"_self\" title=\"pictura\"><img decoding=\"async\" width=\"600\" height=\"600\" src=\"https:\/\/literabruchsal.com\/wp-content\/uploads\/2019\/02\/pictura-600x600.jpg\" class=\"attachment-woocommerce_thumbnail size-woocommerce_thumbnail\" alt=\"https:\/\/literabruchsal.com\/wp-content\/uploads\/2019\/02\/pictura-600x600.jpg\" data-full_image_src=\"https:\/\/literabruchsal.com\/wp-content\/uploads\/2019\/02\/pictura.jpg\" title=\"pictura\" loading=\"eager\" srcset=\"https:\/\/literabruchsal.com\/wp-content\/uploads\/2019\/02\/pictura-600x600.jpg 600w, https:\/\/literabruchsal.com\/wp-content\/uploads\/2019\/02\/pictura-100x100.jpg 100w, https:\/\/literabruchsal.com\/wp-content\/uploads\/2019\/02\/pictura-640x640.jpg 640w, https:\/\/literabruchsal.com\/wp-content\/uploads\/2019\/02\/pictura-160x160.jpg 160w, https:\/\/literabruchsal.com\/wp-content\/uploads\/2019\/02\/pictura-768x768.jpg 768w, https:\/\/literabruchsal.com\/wp-content\/uploads\/2019\/02\/pictura-320x320.jpg 320w, https:\/\/literabruchsal.com\/wp-content\/uploads\/2019\/02\/pictura.jpg 1000w\" sizes=\"(max-width: 600px) 100vw, 600px\" \/><\/a><\/div><header class=\"bt_bb_headline bt_bb_dash_bottom bt_bb_superheadline bt_bb_superheadline_outside bt_bb_subheadline bt_bb_size_small\" data-bt-override-class=\"{}\"><div class=\"bt_bb_headline_superheadline_outside\"><span class=\"bt_bb_headline_superheadline\"><span class=\"btArticleCategories\"><a href=\"https:\/\/literabruchsal.com\/de\/product-category\/cursuri\/\" class=\"btArticleCategory cursuri\">Cursuri<\/a><\/span><\/span><\/div><h2 class=\"bt_bb_headline_tag\"><span class=\"bt_bb_headline_content\"><span><a href=\"https:\/\/literabruchsal.com\/de\/product\/curs-de-pictura-si-bricolaj\/\" target=\"_self\" title=\"Curs de pictur\u0103 \u0219i bricolaj\">Curs de pictur\u0103 \u0219i bricolaj<\/a><\/span><\/span><\/h2><div class=\"bt_bb_headline_subheadline\"><span class=\"btNoStarRating\"><\/span><\/div><\/header>\n<a class=\"button\" href=\"https:\/\/literabruchsal.com\/de\/product\/curs-de-pictura-si-bricolaj\/\">\u00censcrie-te<\/a><\/div><\/li>\n<\/ul>\n<\/div><\/div><\/div><\/div><\/div><\/div><\/div><!-- cell_inner --><\/div><!-- cell --><\/div><!-- port --><\/section>","protected":false},"excerpt":{"rendered":"<p>Collaboratively administrate empowered markets via plug-and-play networks. Dynamically procrastinate B2C users after installed base benefits. Dramatically visualize customer directed convergence without revolutionary ROI.<\/p>","protected":false},"author":2,"featured_media":1902,"parent":1639,"menu_order":0,"comment_status":"closed","ping_status":"closed","template":"","meta":{"footnotes":""},"class_list":["post-1651","page","type-page","status-publish","has-post-thumbnail","hentry"],"_links":{"self":[{"href":"https:\/\/literabruchsal.com\/de\/wp-json\/wp\/v2\/pages\/1651","targetHints":{"allow":["GET"]}}],"collection":[{"href":"https:\/\/literabruchsal.com\/de\/wp-json\/wp\/v2\/pages"}],"about":[{"href":"https:\/\/literabruchsal.com\/de\/wp-json\/wp\/v2\/types\/page"}],"author":[{"embeddable":true,"href":"https:\/\/literabruchsal.com\/de\/wp-json\/wp\/v2\/users\/2"}],"replies":[{"embeddable":true,"href":"https:\/\/literabruchsal.com\/de\/wp-json\/wp\/v2\/comments?post=1651"}],"version-history":[{"count":0,"href":"https:\/\/literabruchsal.com\/de\/wp-json\/wp\/v2\/pages\/1651\/revisions"}],"up":[{"embeddable":true,"href":"https:\/\/literabruchsal.com\/de\/wp-json\/wp\/v2\/pages\/1639"}],"wp:featuredmedia":[{"embeddable":true,"href":"https:\/\/literabruchsal.com\/de\/wp-json\/wp\/v2\/media\/1902"}],"wp:attachment":[{"href":"https:\/\/literabruchsal.com\/de\/wp-json\/wp\/v2\/media?parent=1651"}],"curies":[{"name":"wp","href":"https:\/\/api.w.org\/{rel}","templated":true}]}}