{"id":1597,"date":"2019-04-01T10:20:18","date_gmt":"2019-04-01T10:20:18","guid":{"rendered":"http:\/\/avantage.bold-themes.com\/business\/?page_id=1597"},"modified":"2021-10-28T07:58:08","modified_gmt":"2021-10-28T05:58:08","slug":"membrii","status":"publish","type":"page","link":"https:\/\/literabruchsal.com\/de\/membrii\/","title":{"rendered":"Membrii"},"content":{"rendered":"<section id=\"bt_bb_section69e9181609ff8\" class=\"bt_bb_section bt_bb_layout_boxed_1200 bt_bb_vertical_align_top bt_bb_top_spacing_large bt_bb_bottom_spacing_large\" style=\"background-position:right center;background-size:contain;\" data-bt-override-class=\"null\"><div class=\"bt_bb_background_image_holder_wrapper\"><div class=\"bt_bb_background_image_holder btLazyLoadBackground\"  data-background_image_src=\"https:\/\/literabruchsal.com\/wp-content\/uploads\/2019\/04\/bgn-triangles-1.png\" data-parallax-zoom-start=\"1\" data-parallax-zoom-end=\"1\" data-parallax-blur-start=\"0\" data-parallax-blur-end=\"0\" data-parallax-opacity-start=\"1\" data-parallax-opacity-end=\"1\" style=\" background-image: url(&#039;https:\/\/literabruchsal.com\/wp-content\/plugins\/bold-page-builder\/img\/blank.gif&#039;);\"><\/div><\/div><div class=\"bt_bb_port\"><div class=\"bt_bb_cell\"><div class=\"bt_bb_cell_inner\"><div class=\"bt_bb_row \"  data-bt-override-class=\"{}\"><div class=\"bt_bb_row_holder\" ><div  class=\"bt_bb_column col-xl-6 col-xs-12 col-sm-6 col-md-6 col-lg-6 bt_bb_align_left bt_bb_vertical_align_top bt_bb_animation_fade_in move_up animate bt_bb_padding_normal\"  data-width=\"6\" data-bt-override-class=\"{}\"><div class=\"bt_bb_column_content\"><header class=\"bt_bb_headline bt_bb_dash_top bt_bb_superheadline bt_bb_superheadline_outside bt_bb_size_large bt_bb_align_inherit\" data-bt-override-class=\"{&quot;bt_bb_size_&quot;:{&quot;current_class&quot;:&quot;bt_bb_size_large&quot;,&quot;def&quot;:&quot;large&quot;,&quot;xl&quot;:&quot;large&quot;},&quot;bt_bb_align_&quot;:{&quot;current_class&quot;:&quot;bt_bb_align_inherit&quot;,&quot;def&quot;:&quot;inherit&quot;,&quot;xl&quot;:&quot;inherit&quot;}}\"><div class=\"bt_bb_headline_superheadline_outside\"><span class=\"bt_bb_headline_superheadline\">Al\u0103tur\u0103-te echipei noastre<\/span><\/div><h2 class=\"bt_bb_headline_tag\"><span class=\"bt_bb_headline_content\"><span><u>Devino membru al<\/u><br \/><br \/>\n<b>Asocia\u021biei noastre<\/b> <\/span><\/span><\/h2><\/header><div class=\"bt_bb_separator bt_bb_border_style_none bt_bb_bottom_spacing_medium\" data-bt-override-class=\"null\"><\/div><div  class=\"bt_bb_text\" ><\/p>\n<p style=\"text-align: justify;\">Suntem \u00een c\u0103utarea unor persoane entuziaste \u00een a se implica \u00een activit\u0103\u021bi de voluntariat \u00een diferite proiecte ale asocia\u021bie noastre. Dac\u0103 vrei s\u0103 te al\u0103turi echipei noastre sau dore\u0219ti doar s\u0103 sus\u021bii activit\u0103\u021bile asocia\u021biei te rug\u0103m s\u0103 completezi formularul de mai jos, iar \u00een cel mai scurt timp un reprezentant Litera v\u0103 lua leg\u0103tura cu tine!<\/p>\n<p style=\"text-align: justify;\">Membrii asocia\u021biei noastre:<\/p>\n<p>\n<\/div><div class=\"bt_bb_separator bt_bb_border_style_none bt_bb_bottom_spacing_medium\" data-bt-override-class=\"null\"><\/div><div class=\"bt_bb_slider bt_bb_height_auto bt_bb_multiple_slides bt_bb_animation_slide animate bt_bb_arrows_size_normal\"><div class=\"slick-slider\"  data-slick='{ \"lazyLoad\": \"progressive\", \"cssEase\": \"ease-out\", \"speed\": \"300\", \"adaptiveHeight\": true, \"prevArrow\": \"\", \"nextArrow\": \"\",\"slidesToShow\": 3, \"autoplay\": true, \"autoplaySpeed\": 2000,\"slidesToShow\": 3, \"responsive\": [{ \"breakpoint\": 481, \"settings\": { \"slidesToShow\": 1, \"slidesToScroll\": 1 } },{ \"breakpoint\": 769, \"settings\": { \"slidesToShow\": 2, \"slidesToScroll\": 2 } },{ \"breakpoint\": 993, \"settings\": { \"slidesToShow\": 3, \"slidesToScroll\": 3 } },{ \"breakpoint\": 1201, \"settings\": { \"slidesToShow\": 3, \"slidesToScroll\": 3 } },{ \"breakpoint\": 1401, \"settings\": { \"slidesToShow\": 3, \"slidesToScroll\": 3 } }]}' ><div class=\"bt_bb_slider_item\" data-src-full=\"https:\/\/literabruchsal.com\/wp-content\/uploads\/2019\/04\/logo-urbanist.png\"><img decoding=\"async\" src=\"https:\/\/literabruchsal.com\/wp-content\/uploads\/2019\/04\/logo-urbanist.png\" alt=\"logo-urbanist\"  title=\"logo-urbanist\"><\/div><div class=\"bt_bb_slider_item\" data-src-full=\"https:\/\/literabruchsal.com\/wp-content\/uploads\/2019\/04\/logo-hotel-california.png\"><img decoding=\"async\" src=\"https:\/\/literabruchsal.com\/wp-content\/uploads\/2019\/04\/logo-hotel-california.png\" alt=\"logo-hotel-california\"  title=\"logo-hotel-california\"><\/div><div class=\"bt_bb_slider_item\" data-src-full=\"https:\/\/literabruchsal.com\/wp-content\/uploads\/2019\/04\/logo-hotel-berg.png\"><img decoding=\"async\" src=\"https:\/\/literabruchsal.com\/wp-content\/uploads\/2019\/04\/logo-hotel-berg.png\" alt=\"logo-hotel-berg\"  title=\"logo-hotel-berg\"><\/div><div class=\"bt_bb_slider_item\" data-src-full=\"https:\/\/literabruchsal.com\/wp-content\/uploads\/2019\/04\/logo-estato.png\"><img decoding=\"async\" src=\"https:\/\/literabruchsal.com\/wp-content\/uploads\/2019\/04\/logo-estato.png\" alt=\"logo-estato\"  title=\"logo-estato\"><\/div><div class=\"bt_bb_slider_item\" data-src-full=\"https:\/\/literabruchsal.com\/wp-content\/uploads\/2019\/04\/logo-celeste.png\"><img decoding=\"async\" src=\"https:\/\/literabruchsal.com\/wp-content\/uploads\/2019\/04\/logo-celeste.png\" alt=\"logo-celeste\"  title=\"logo-celeste\"><\/div><div class=\"bt_bb_slider_item\" data-src-full=\"https:\/\/literabruchsal.com\/wp-content\/uploads\/2019\/04\/logo-bold-news.png\"><img decoding=\"async\" src=\"https:\/\/literabruchsal.com\/wp-content\/uploads\/2019\/04\/logo-bold-news.png\" alt=\"logo-bold-news\"  title=\"logo-bold-news\"><\/div><div class=\"bt_bb_slider_item\" data-src-full=\"https:\/\/literabruchsal.com\/wp-content\/uploads\/2019\/04\/logo-addison.png\"><img decoding=\"async\" src=\"https:\/\/literabruchsal.com\/wp-content\/uploads\/2019\/04\/logo-addison.png\" alt=\"logo-addison\"  title=\"logo-addison\"><\/div><div class=\"bt_bb_slider_item\" data-src-full=\"https:\/\/literabruchsal.com\/wp-content\/uploads\/2019\/04\/logo-applauz.png\"><img decoding=\"async\" src=\"https:\/\/literabruchsal.com\/wp-content\/uploads\/2019\/04\/logo-applauz.png\" alt=\"logo-applauz\"  title=\"logo-applauz\"><\/div><div class=\"bt_bb_slider_item\" data-src-full=\"https:\/\/literabruchsal.com\/wp-content\/uploads\/2019\/04\/logo-bello.png\"><img decoding=\"async\" src=\"https:\/\/literabruchsal.com\/wp-content\/uploads\/2019\/04\/logo-bello.png\" alt=\"logo-bello\"  title=\"logo-bello\"><\/div><\/div><\/div><\/div><\/div><div  class=\"bt_bb_column col-xl-6 col-xs-12 col-sm-6 col-md-6 col-lg-6 bt_bb_align_left bt_bb_vertical_align_top bt_bb_animation_fade_in animate bt_bb_padding_double\" style=\"background-color:rgba(241, 241, 241, 1);\" data-width=\"6\" data-bt-override-class=\"{}\"><div class=\"bt_bb_column_content\"><div class=\"bt_bb_separator bt_bb_border_style_none bt_bb_bottom_spacing_normal\" data-bt-override-class=\"null\"><\/div><div class=\"bt_bb_contact_form_7\">\n<div class=\"wpcf7 no-js\" id=\"wpcf7-f2586-o1\" lang=\"en-US\" dir=\"ltr\" data-wpcf7-id=\"2586\">\n<div class=\"screen-reader-response\"><p role=\"status\" aria-live=\"polite\" aria-atomic=\"true\"><\/p> <ul><\/ul><\/div>\n<form action=\"\/de\/wp-json\/wp\/v2\/pages\/1597#wpcf7-f2586-o1\" method=\"post\" class=\"wpcf7-form init\" aria-label=\"Contact form\" novalidate=\"novalidate\" data-status=\"init\">\n<fieldset class=\"hidden-fields-container\"><input type=\"hidden\" name=\"_wpcf7\" value=\"2586\" \/><input type=\"hidden\" name=\"_wpcf7_version\" value=\"6.1.5\" \/><input type=\"hidden\" name=\"_wpcf7_locale\" value=\"en_US\" \/><input type=\"hidden\" name=\"_wpcf7_unit_tag\" value=\"wpcf7-f2586-o1\" \/><input type=\"hidden\" name=\"_wpcf7_container_post\" value=\"0\" \/><input type=\"hidden\" name=\"_wpcf7_posted_data_hash\" value=\"\" \/><input type=\"hidden\" name=\"_wpcf7dtx_version\" value=\"5.0.5\" \/>\n<\/fieldset>\n<div class=\"bt_bb_cf7_form\">\n\t<div class=\"bt_bb_cf7_row\">\n\t\t<div class=\"bt_bb_cf7_element\">\n\t\t\t<p><span class=\"wpcf7-form-control-wrap\" data-name=\"your-name\"><input size=\"40\" maxlength=\"400\" class=\"wpcf7-form-control wpcf7-text wpcf7-validates-as-required\" aria-required=\"true\" aria-invalid=\"false\" placeholder=\"Nume \u0219i Prenume *\" value=\"\" type=\"text\" name=\"your-name\" \/><\/span>\n\t\t\t<\/p>\n\t\t<\/div>\n\t<\/div>\n\t<div class=\"bt_bb_cf7_row\">\n\t\t<div class=\"bt_bb_cf7_element\">\n\t\t\t<p><span class=\"wpcf7-form-control-wrap\" data-name=\"your-email\"><input size=\"40\" maxlength=\"400\" class=\"wpcf7-form-control wpcf7-email wpcf7-validates-as-required wpcf7-text wpcf7-validates-as-email\" aria-required=\"true\" aria-invalid=\"false\" placeholder=\"E-mail *\" value=\"\" type=\"email\" name=\"your-email\" \/><\/span>\n\t\t\t<\/p>\n\t\t<\/div>\n\t<\/div>\n\t<div class=\"bt_bb_cf7_row\">\n\t\t<div class=\"bt_bb_cf7_element\">\n\t\t\t<p><span class=\"wpcf7-form-control-wrap\" data-name=\"your-phone\"><input size=\"40\" maxlength=\"400\" class=\"wpcf7-form-control wpcf7-text wpcf7-validates-as-required\" aria-required=\"true\" aria-invalid=\"false\" placeholder=\"Telefon *\" value=\"\" type=\"text\" name=\"your-phone\" \/><\/span>\n\t\t\t<\/p>\n\t\t<\/div>\n\t<\/div>\n\t<div class=\"bt_bb_cf7_row\">\n\t\t<div class=\"bt_bb_cf7_element\">\n\t\t\t<p><span class=\"wpcf7-form-control-wrap\" data-name=\"your-subject\"><input size=\"40\" maxlength=\"400\" class=\"wpcf7-form-control wpcf7-text wpcf7-validates-as-required\" aria-required=\"true\" aria-invalid=\"false\" placeholder=\"Subiect *\" value=\"\" type=\"text\" name=\"your-subject\" \/><\/span>\n\t\t\t<\/p>\n\t\t<\/div>\n\t<\/div>\n\t<div class=\"bt_bb_cf7_row\">\n\t\t<div class=\"bt_bb_cf7_element\">\n\t\t\t<p><span class=\"wpcf7-form-control-wrap\" data-name=\"your-message\"><textarea cols=\"40\" rows=\"5\" maxlength=\"2000\" class=\"wpcf7-form-control wpcf7-textarea wpcf7-validates-as-required\" aria-required=\"true\" aria-invalid=\"false\" placeholder=\"Mesajul t\u0103u *\" name=\"your-message\"><\/textarea><\/span>\n\t\t\t<\/p>\n\t\t<\/div>\n\t<\/div>\n\t<div class=\"bt_bb_cf7_row\">\n\t\t<div class=\"bt_bb_cf7_element\">\n\t\t\t<p><span class=\"wpcf7-form-control-wrap\" data-name=\"acceptance-750\"><span class=\"wpcf7-form-control wpcf7-acceptance\"><span class=\"wpcf7-list-item\"><label><input type=\"checkbox\" name=\"acceptance-750\" value=\"1\" aria-invalid=\"false\" \/><span class=\"wpcf7-list-item-label\">Prin trimiterea formularului sunte\u021bi de acord cu prelucrarea datelor personale \u00een scopul contact\u0103rii dumneavoastr\u0103. Datele introduse nu vor fi stocate \u00een baza noastr\u0103 de date.<\/span><\/label><\/span><\/span><\/span>\n\t\t\t<\/p>\n\t\t<\/div>\n\t<\/div>\n\t<div class=\"bt_bb_cf7_row\">\n\t\t<div class=\"bt_bb_cf7_element bt_bb_cf7_button\">\n\t\t\t<p><input class=\"wpcf7-form-control wpcf7-submit has-spinner\" type=\"submit\" value=\"Trimite\" \/>\n\t\t\t<\/p>\n\t\t<\/div>\n\t<\/div>\n<\/div><div class=\"wpcf7-response-output\" aria-hidden=\"true\"><\/div>\n<\/form>\n<\/div>\n<\/div><\/div><\/div><\/div><\/div><div class=\"bt_bb_row \"  data-bt-override-class=\"{}\"><div class=\"bt_bb_row_holder\" ><\/div><\/div><\/div><!-- cell_inner --><\/div><!-- cell --><\/div><!-- port --><\/section>\n","protected":false},"excerpt":{"rendered":"","protected":false},"author":2,"featured_media":1820,"parent":0,"menu_order":0,"comment_status":"closed","ping_status":"closed","template":"","meta":{"footnotes":""},"class_list":["post-1597","page","type-page","status-publish","has-post-thumbnail","hentry"],"_links":{"self":[{"href":"https:\/\/literabruchsal.com\/de\/wp-json\/wp\/v2\/pages\/1597","targetHints":{"allow":["GET"]}}],"collection":[{"href":"https:\/\/literabruchsal.com\/de\/wp-json\/wp\/v2\/pages"}],"about":[{"href":"https:\/\/literabruchsal.com\/de\/wp-json\/wp\/v2\/types\/page"}],"author":[{"embeddable":true,"href":"https:\/\/literabruchsal.com\/de\/wp-json\/wp\/v2\/users\/2"}],"replies":[{"embeddable":true,"href":"https:\/\/literabruchsal.com\/de\/wp-json\/wp\/v2\/comments?post=1597"}],"version-history":[{"count":25,"href":"https:\/\/literabruchsal.com\/de\/wp-json\/wp\/v2\/pages\/1597\/revisions"}],"predecessor-version":[{"id":2783,"href":"https:\/\/literabruchsal.com\/de\/wp-json\/wp\/v2\/pages\/1597\/revisions\/2783"}],"wp:featuredmedia":[{"embeddable":true,"href":"https:\/\/literabruchsal.com\/de\/wp-json\/wp\/v2\/media\/1820"}],"wp:attachment":[{"href":"https:\/\/literabruchsal.com\/de\/wp-json\/wp\/v2\/media?parent=1597"}],"curies":[{"name":"wp","href":"https:\/\/api.w.org\/{rel}","templated":true}]}}